{"id":945,"date":"2026-01-27T10:35:19","date_gmt":"2026-01-27T10:35:19","guid":{"rendered":"https:\/\/maybuzz.fr\/?page_id=945"},"modified":"2026-02-02T21:25:27","modified_gmt":"2026-02-02T21:25:27","slug":"agence-digital-de-marketing-et-de-conception-web-maybuzz","status":"publish","type":"page","link":"https:\/\/maybuzz.fr\/index.php\/agence-digital-de-marketing-et-de-conception-web-maybuzz\/","title":{"rendered":"Webmarketing"},"content":{"rendered":"\t\t<div data-elementor-type=\"wp-page\" data-elementor-id=\"945\" class=\"elementor elementor-945\">\n\t\t\t\t<div class=\"aux-parallax-section elementor-element elementor-element-22b09f8 e-transform e-flex e-con-boxed e-con e-parent\" data-id=\"22b09f8\" data-element_type=\"container\" data-settings=\"{&quot;background_background&quot;:&quot;classic&quot;,&quot;_transform_scaleX_effect&quot;:{&quot;unit&quot;:&quot;px&quot;,&quot;size&quot;:1.1,&quot;sizes&quot;:[]},&quot;_transform_scaleX_effect_tablet&quot;:{&quot;unit&quot;:&quot;px&quot;,&quot;size&quot;:&quot;&quot;,&quot;sizes&quot;:[]},&quot;_transform_scaleX_effect_mobile&quot;:{&quot;unit&quot;:&quot;px&quot;,&quot;size&quot;:&quot;&quot;,&quot;sizes&quot;:[]},&quot;_transform_scaleY_effect&quot;:{&quot;unit&quot;:&quot;px&quot;,&quot;size&quot;:&quot;&quot;,&quot;sizes&quot;:[]},&quot;_transform_scaleY_effect_tablet&quot;:{&quot;unit&quot;:&quot;px&quot;,&quot;size&quot;:&quot;&quot;,&quot;sizes&quot;:[]},&quot;_transform_scaleY_effect_mobile&quot;:{&quot;unit&quot;:&quot;px&quot;,&quot;size&quot;:&quot;&quot;,&quot;sizes&quot;:[]}}\">\n\t\t\t\t\t<div class=\"e-con-inner\">\n\t\t\t\t<div class=\"elementor-element elementor-element-f6bf2ac elementor-widget elementor-widget-image\" data-id=\"f6bf2ac\" data-element_type=\"widget\" data-widget_type=\"image.default\">\n\t\t\t\t<div class=\"elementor-widget-container\">\n\t\t\t\t\t\t\t\t\t\t\t\t\t\t\t<img decoding=\"async\" src=\"https:\/\/maybuzz.fr\/wp-content\/uploads\/2026\/01\/Site-internet-scaled.png\" title=\"Site internet\" alt=\"Site internet\" loading=\"lazy\" \/>\t\t\t\t\t\t\t\t\t\t\t\t\t\t\t<\/div>\n\t\t\t\t<\/div>\n\t\t\t\t\t<\/div>\n\t\t\t\t<\/div>\n\t\t\t\t<\/div>\n\t\t","protected":false},"excerpt":{"rendered":"","protected":false},"author":1,"featured_media":0,"parent":0,"menu_order":0,"comment_status":"closed","ping_status":"closed","template":"","meta":{"om_disable_all_campaigns":false,"_monsterinsights_skip_tracking":false,"_monsterinsights_sitenote_active":false,"_monsterinsights_sitenote_note":"","_monsterinsights_sitenote_category":0,"footnotes":""},"class_list":["post-945","page","type-page","status-publish","hentry"],"yoast_head":"<!-- This site is optimized with the Yoast SEO plugin v26.8 - https:\/\/yoast.com\/product\/yoast-seo-wordpress\/ -->\n<title>Agence Digital de Marketing et de conception Web - Maybuzz<\/title>\n<meta name=\"description\" content=\"Boostez Votre Entreprise au Niveau Sup\u00e9rieure Creations Conseils votre agence, nous vous accompagnons dans toutes les \u00e9tapes de la cr\u00e9ation et de la mise en place de votre site.\" \/>\n<meta name=\"robots\" content=\"index, follow, max-snippet:-1, max-image-preview:large, max-video-preview:-1\" \/>\n<link rel=\"canonical\" href=\"https:\/\/maybuzz.fr\/index.php\/agence-digital-de-marketing-et-de-conception-web-maybuzz\/\" \/>\n<meta property=\"og:locale\" content=\"fr_FR\" \/>\n<meta property=\"og:type\" content=\"article\" \/>\n<meta property=\"og:title\" content=\"Agence Digital de Marketing et de conception Web - Maybuzz\" \/>\n<meta property=\"og:description\" content=\"Boostez Votre Entreprise au Niveau Sup\u00e9rieure Creations Conseils votre agence, nous vous accompagnons dans toutes les \u00e9tapes de la cr\u00e9ation et de la mise en place de votre site.\" \/>\n<meta property=\"og:url\" content=\"https:\/\/maybuzz.fr\/index.php\/agence-digital-de-marketing-et-de-conception-web-maybuzz\/\" \/>\n<meta property=\"og:site_name\" content=\"WordPress\" \/>\n<meta property=\"article:publisher\" content=\"https:\/\/www.facebook.com\/Maybuzzcommunication\/\" \/>\n<meta property=\"article:modified_time\" content=\"2026-02-02T21:25:27+00:00\" \/>\n<meta property=\"og:image\" content=\"http:\/\/maybuzz.fr\/wp-content\/uploads\/2026\/01\/Site-internet-scaled.png\" \/>\n<meta name=\"twitter:card\" content=\"summary_large_image\" \/>\n<meta name=\"twitter:label1\" content=\"Dur\u00e9e de lecture estim\u00e9e\" \/>\n\t<meta name=\"twitter:data1\" content=\"1 minute\" \/>\n<script type=\"application\/ld+json\" class=\"yoast-schema-graph\">{\"@context\":\"https:\/\/schema.org\",\"@graph\":[{\"@type\":\"WebPage\",\"@id\":\"https:\/\/maybuzz.fr\/index.php\/agence-digital-de-marketing-et-de-conception-web-maybuzz\/\",\"url\":\"https:\/\/maybuzz.fr\/index.php\/agence-digital-de-marketing-et-de-conception-web-maybuzz\/\",\"name\":\"Agence Digital de Marketing et de conception Web - Maybuzz\",\"isPartOf\":{\"@id\":\"http:\/\/maybuzz.fr\/#website\"},\"primaryImageOfPage\":{\"@id\":\"https:\/\/maybuzz.fr\/index.php\/agence-digital-de-marketing-et-de-conception-web-maybuzz\/#primaryimage\"},\"image\":{\"@id\":\"https:\/\/maybuzz.fr\/index.php\/agence-digital-de-marketing-et-de-conception-web-maybuzz\/#primaryimage\"},\"thumbnailUrl\":\"http:\/\/maybuzz.fr\/wp-content\/uploads\/2026\/01\/Site-internet-scaled.png\",\"datePublished\":\"2026-01-27T10:35:19+00:00\",\"dateModified\":\"2026-02-02T21:25:27+00:00\",\"description\":\"Boostez Votre Entreprise au Niveau Sup\u00e9rieure Creations Conseils votre agence, nous vous accompagnons dans toutes les \u00e9tapes de la cr\u00e9ation et de la mise en place de votre site.\",\"breadcrumb\":{\"@id\":\"https:\/\/maybuzz.fr\/index.php\/agence-digital-de-marketing-et-de-conception-web-maybuzz\/#breadcrumb\"},\"inLanguage\":\"fr-FR\",\"potentialAction\":[{\"@type\":\"ReadAction\",\"target\":[\"https:\/\/maybuzz.fr\/index.php\/agence-digital-de-marketing-et-de-conception-web-maybuzz\/\"]}]},{\"@type\":\"ImageObject\",\"inLanguage\":\"fr-FR\",\"@id\":\"https:\/\/maybuzz.fr\/index.php\/agence-digital-de-marketing-et-de-conception-web-maybuzz\/#primaryimage\",\"url\":\"http:\/\/maybuzz.fr\/wp-content\/uploads\/2026\/01\/Site-internet-scaled.png\",\"contentUrl\":\"http:\/\/maybuzz.fr\/wp-content\/uploads\/2026\/01\/Site-internet-scaled.png\"},{\"@type\":\"BreadcrumbList\",\"@id\":\"https:\/\/maybuzz.fr\/index.php\/agence-digital-de-marketing-et-de-conception-web-maybuzz\/#breadcrumb\",\"itemListElement\":[{\"@type\":\"ListItem\",\"position\":1,\"name\":\"Accueil\",\"item\":\"http:\/\/maybuzz.fr\/\"},{\"@type\":\"ListItem\",\"position\":2,\"name\":\"Webmarketing\"}]},{\"@type\":\"WebSite\",\"@id\":\"http:\/\/maybuzz.fr\/#website\",\"url\":\"http:\/\/maybuzz.fr\/\",\"name\":\"WordPress\",\"description\":\"Complete Elementor Demo - Phlox WordPress Theme\",\"publisher\":{\"@id\":\"http:\/\/maybuzz.fr\/#organization\"},\"potentialAction\":[{\"@type\":\"SearchAction\",\"target\":{\"@type\":\"EntryPoint\",\"urlTemplate\":\"http:\/\/maybuzz.fr\/?s={search_term_string}\"},\"query-input\":{\"@type\":\"PropertyValueSpecification\",\"valueRequired\":true,\"valueName\":\"search_term_string\"}}],\"inLanguage\":\"fr-FR\"},{\"@type\":\"Organization\",\"@id\":\"http:\/\/maybuzz.fr\/#organization\",\"name\":\"WordPress\",\"url\":\"http:\/\/maybuzz.fr\/\",\"logo\":{\"@type\":\"ImageObject\",\"inLanguage\":\"fr-FR\",\"@id\":\"http:\/\/maybuzz.fr\/#\/schema\/logo\/image\/\",\"url\":\"https:\/\/maybuzz.fr\/wp-content\/uploads\/2026\/01\/cropped-May_Buzz-removebg-preview.png\",\"contentUrl\":\"https:\/\/maybuzz.fr\/wp-content\/uploads\/2026\/01\/cropped-May_Buzz-removebg-preview.png\",\"width\":500,\"height\":500,\"caption\":\"WordPress\"},\"image\":{\"@id\":\"http:\/\/maybuzz.fr\/#\/schema\/logo\/image\/\"},\"sameAs\":[\"https:\/\/www.facebook.com\/Maybuzzcommunication\/\",\"https:\/\/www.instagram.com\/maybuzzcommunicarion\/\"]}]}<\/script>\n<!-- \/ Yoast SEO plugin. -->","yoast_head_json":{"title":"Agence Digital de Marketing et de conception Web - Maybuzz","description":"Boostez Votre Entreprise au Niveau Sup\u00e9rieure Creations Conseils votre agence, nous vous accompagnons dans toutes les \u00e9tapes de la cr\u00e9ation et de la mise en place de votre site.","robots":{"index":"index","follow":"follow","max-snippet":"max-snippet:-1","max-image-preview":"max-image-preview:large","max-video-preview":"max-video-preview:-1"},"canonical":"https:\/\/maybuzz.fr\/index.php\/agence-digital-de-marketing-et-de-conception-web-maybuzz\/","og_locale":"fr_FR","og_type":"article","og_title":"Agence Digital de Marketing et de conception Web - Maybuzz","og_description":"Boostez Votre Entreprise au Niveau Sup\u00e9rieure Creations Conseils votre agence, nous vous accompagnons dans toutes les \u00e9tapes de la cr\u00e9ation et de la mise en place de votre site.","og_url":"https:\/\/maybuzz.fr\/index.php\/agence-digital-de-marketing-et-de-conception-web-maybuzz\/","og_site_name":"WordPress","article_publisher":"https:\/\/www.facebook.com\/Maybuzzcommunication\/","article_modified_time":"2026-02-02T21:25:27+00:00","og_image":[{"url":"http:\/\/maybuzz.fr\/wp-content\/uploads\/2026\/01\/Site-internet-scaled.png","type":"","width":"","height":""}],"twitter_card":"summary_large_image","twitter_misc":{"Dur\u00e9e de lecture estim\u00e9e":"1 minute"},"schema":{"@context":"https:\/\/schema.org","@graph":[{"@type":"WebPage","@id":"https:\/\/maybuzz.fr\/index.php\/agence-digital-de-marketing-et-de-conception-web-maybuzz\/","url":"https:\/\/maybuzz.fr\/index.php\/agence-digital-de-marketing-et-de-conception-web-maybuzz\/","name":"Agence Digital de Marketing et de conception Web - Maybuzz","isPartOf":{"@id":"http:\/\/maybuzz.fr\/#website"},"primaryImageOfPage":{"@id":"https:\/\/maybuzz.fr\/index.php\/agence-digital-de-marketing-et-de-conception-web-maybuzz\/#primaryimage"},"image":{"@id":"https:\/\/maybuzz.fr\/index.php\/agence-digital-de-marketing-et-de-conception-web-maybuzz\/#primaryimage"},"thumbnailUrl":"http:\/\/maybuzz.fr\/wp-content\/uploads\/2026\/01\/Site-internet-scaled.png","datePublished":"2026-01-27T10:35:19+00:00","dateModified":"2026-02-02T21:25:27+00:00","description":"Boostez Votre Entreprise au Niveau Sup\u00e9rieure Creations Conseils votre agence, nous vous accompagnons dans toutes les \u00e9tapes de la cr\u00e9ation et de la mise en place de votre site.","breadcrumb":{"@id":"https:\/\/maybuzz.fr\/index.php\/agence-digital-de-marketing-et-de-conception-web-maybuzz\/#breadcrumb"},"inLanguage":"fr-FR","potentialAction":[{"@type":"ReadAction","target":["https:\/\/maybuzz.fr\/index.php\/agence-digital-de-marketing-et-de-conception-web-maybuzz\/"]}]},{"@type":"ImageObject","inLanguage":"fr-FR","@id":"https:\/\/maybuzz.fr\/index.php\/agence-digital-de-marketing-et-de-conception-web-maybuzz\/#primaryimage","url":"http:\/\/maybuzz.fr\/wp-content\/uploads\/2026\/01\/Site-internet-scaled.png","contentUrl":"http:\/\/maybuzz.fr\/wp-content\/uploads\/2026\/01\/Site-internet-scaled.png"},{"@type":"BreadcrumbList","@id":"https:\/\/maybuzz.fr\/index.php\/agence-digital-de-marketing-et-de-conception-web-maybuzz\/#breadcrumb","itemListElement":[{"@type":"ListItem","position":1,"name":"Accueil","item":"http:\/\/maybuzz.fr\/"},{"@type":"ListItem","position":2,"name":"Webmarketing"}]},{"@type":"WebSite","@id":"http:\/\/maybuzz.fr\/#website","url":"http:\/\/maybuzz.fr\/","name":"WordPress","description":"Complete Elementor Demo - Phlox WordPress Theme","publisher":{"@id":"http:\/\/maybuzz.fr\/#organization"},"potentialAction":[{"@type":"SearchAction","target":{"@type":"EntryPoint","urlTemplate":"http:\/\/maybuzz.fr\/?s={search_term_string}"},"query-input":{"@type":"PropertyValueSpecification","valueRequired":true,"valueName":"search_term_string"}}],"inLanguage":"fr-FR"},{"@type":"Organization","@id":"http:\/\/maybuzz.fr\/#organization","name":"WordPress","url":"http:\/\/maybuzz.fr\/","logo":{"@type":"ImageObject","inLanguage":"fr-FR","@id":"http:\/\/maybuzz.fr\/#\/schema\/logo\/image\/","url":"https:\/\/maybuzz.fr\/wp-content\/uploads\/2026\/01\/cropped-May_Buzz-removebg-preview.png","contentUrl":"https:\/\/maybuzz.fr\/wp-content\/uploads\/2026\/01\/cropped-May_Buzz-removebg-preview.png","width":500,"height":500,"caption":"WordPress"},"image":{"@id":"http:\/\/maybuzz.fr\/#\/schema\/logo\/image\/"},"sameAs":["https:\/\/www.facebook.com\/Maybuzzcommunication\/","https:\/\/www.instagram.com\/maybuzzcommunicarion\/"]}]}},"_links":{"self":[{"href":"https:\/\/maybuzz.fr\/index.php\/wp-json\/wp\/v2\/pages\/945","targetHints":{"allow":["GET"]}}],"collection":[{"href":"https:\/\/maybuzz.fr\/index.php\/wp-json\/wp\/v2\/pages"}],"about":[{"href":"https:\/\/maybuzz.fr\/index.php\/wp-json\/wp\/v2\/types\/page"}],"author":[{"embeddable":true,"href":"https:\/\/maybuzz.fr\/index.php\/wp-json\/wp\/v2\/users\/1"}],"replies":[{"embeddable":true,"href":"https:\/\/maybuzz.fr\/index.php\/wp-json\/wp\/v2\/comments?post=945"}],"version-history":[{"count":22,"href":"https:\/\/maybuzz.fr\/index.php\/wp-json\/wp\/v2\/pages\/945\/revisions"}],"predecessor-version":[{"id":989,"href":"https:\/\/maybuzz.fr\/index.php\/wp-json\/wp\/v2\/pages\/945\/revisions\/989"}],"wp:attachment":[{"href":"https:\/\/maybuzz.fr\/index.php\/wp-json\/wp\/v2\/media?parent=945"}],"curies":[{"name":"wp","href":"https:\/\/api.w.org\/{rel}","templated":true}]}}